{"id":984,"date":"2023-07-07T14:13:42","date_gmt":"2023-07-07T14:13:42","guid":{"rendered":"https:\/\/bemiva.urbanstudiosdemo.com\/prodotto\/eden\/"},"modified":"2025-07-17T12:45:54","modified_gmt":"2025-07-17T10:45:54","slug":"eden","status":"publish","type":"product","link":"https:\/\/bemiva.it\/collections\/prodotto\/eden\/","title":{"rendered":"Eden"},"content":{"rendered":"<p>50% Superkid Mohair ETICO 5% Lana Merino 45% Nylon<\/p>\n","protected":false},"excerpt":{"rendered":"<div class=\"textDescription\">BENESSERE DEGLI ANIMALI &#8211; SOSTENIBILITA&#8217; ETICA E SOCIALE &#8211; TRACCIABILITA&#8217; DEL PRODOTTO &#8211; FIBRE ANIMALI DA ALLEVAMENTI ETICI<br \/>\nEDEN: superkid mohair con ampia selezione di colori a stock service, elegante e sottile effetto garzato con materiali naturali sapientemente mischiati a fibre tecniche per una maglieria leggera soffice, confortevole e voluminosa. Pu\u00f2 essere utilizzato su finezze 7 &#8211; 5 a 1 o pi\u00f9 capi per esaltare la leggerezza e la trasparenza specialmente nei punti pizzo.  Determinante \u00e8 un adeguato trattamento delicato per ottenere un effetto di morbida nuvola. Pu\u00f2 essere personalizzato con i colori a campione per completare le varie esigenze delle collezioni dei nostri clienti.<\/div>\n<p><button class=\"downloadInfo downloadInfo-cartellaColore\"><a href=\"https:\/\/www.bemiva.it\/catalogo\/cartelle_colore\/winter27_edennm15_cc.pdf\" target=\"_blank\" rel=\"noopener\">Scarica Cartella Colori<\/a><\/button><button class=\"downloadInfo downloadInfo-schedaTecnica\"><a href=\"https:\/\/www.bemiva.it\/catalogo\/schede_tecniche\/winter27_edennm15_tec.pdf\" target=\"_blank\" rel=\"noopener\">Scarica Scheda Tecnica<\/a><\/button><button class=\"richiediInfo\"><a href=\"mailto:bemiva@bemiva.it\" target=\"_blank\" rel=\"noopener\">Richiedi Informazioni<\/a><\/button><\/p>\n","protected":false},"featured_media":4757,"comment_status":"closed","ping_status":"closed","template":"","meta":[],"product_brand":[],"product_cat":[446],"product_tag":[],"class_list":{"0":"post-984","1":"product","2":"type-product","3":"status-publish","4":"has-post-thumbnail","6":"product_cat-winter-26-27","7":"pa_certificazioni-rms","8":"pa_certificazioni-rws","9":"pa_composizione-lana","10":"pa_composizione-mohair","11":"pa_composizione-nylon","12":"pa_finezza-101","13":"pa_finezza-144","14":"pa_stagione-winter-26-27","15":"pa_titolo-nm-15","16":"pa_titolo-range-15-25","18":"first","19":"instock","20":"product-type-simple"},"_links":{"self":[{"href":"https:\/\/bemiva.it\/collections\/wp-json\/wp\/v2\/product\/984","targetHints":{"allow":["GET"]}}],"collection":[{"href":"https:\/\/bemiva.it\/collections\/wp-json\/wp\/v2\/product"}],"about":[{"href":"https:\/\/bemiva.it\/collections\/wp-json\/wp\/v2\/types\/product"}],"replies":[{"embeddable":true,"href":"https:\/\/bemiva.it\/collections\/wp-json\/wp\/v2\/comments?post=984"}],"wp:featuredmedia":[{"embeddable":true,"href":"https:\/\/bemiva.it\/collections\/wp-json\/wp\/v2\/media\/4757"}],"wp:attachment":[{"href":"https:\/\/bemiva.it\/collections\/wp-json\/wp\/v2\/media?parent=984"}],"wp:term":[{"taxonomy":"product_brand","embeddable":true,"href":"https:\/\/bemiva.it\/collections\/wp-json\/wp\/v2\/product_brand?post=984"},{"taxonomy":"product_cat","embeddable":true,"href":"https:\/\/bemiva.it\/collections\/wp-json\/wp\/v2\/product_cat?post=984"},{"taxonomy":"product_tag","embeddable":true,"href":"https:\/\/bemiva.it\/collections\/wp-json\/wp\/v2\/product_tag?post=984"}],"curies":[{"name":"wp","href":"https:\/\/api.w.org\/{rel}","templated":true}]}}