{"id":7604,"date":"2026-02-06T11:30:28","date_gmt":"2026-02-06T10:30:28","guid":{"rendered":"https:\/\/bemiva.it\/collections\/prodotto\/fiji-ocs\/"},"modified":"2026-02-09T10:21:36","modified_gmt":"2026-02-09T09:21:36","slug":"fiji-ocs","status":"publish","type":"product","link":"https:\/\/bemiva.it\/collections\/prodotto\/fiji-ocs\/","title":{"rendered":"Fiji ocs"},"content":{"rendered":"<p>74% Cotone Organico 26% Nylon<\/p>\n","protected":false},"excerpt":{"rendered":"<div class=\"textDescription\">Fiji, boucl\u00e8 in cotone molto fine, leggero e sofisticato. La novit\u00e0 \u00e8 la creazione di un filato fantasia classico ma per finezze 12-14.<br \/>\nTale caratteristica lo rende molto versatile ed utilizzabile in svariati punti maglia. Anche i capi ottenibili sono molteplici, realizzati sia completamente in<br \/>\nquesto articolo, sia mischiato con altri fili della collezione.<br \/>\nI manufatti saranno sportivi ma eleganti, leggeri e soffici grazie anche alla presenza di nylon comfort. Il filo presenta un effetto omogeneo di micro-fantasia<br \/>\nsuperficiale ma con mano morbida e fresca. Disponibile sia in versione tinta unita, che nei fantasiosi effetti bicolore.<\/div>\n<p><button class=\"downloadInfo downloadInfo-cartellaColore\"><a href=\"https:\/\/www.bemiva.it\/catalogo\/cartelle_colore\/summer27_fijiocsnm18_cc.pdf\" target=\"_blank\" rel=\"noopener\">Scarica Cartella Colori<\/a><\/button><button class=\"downloadInfo downloadInfo-schedaTecnica\"><a href=\"https:\/\/www.bemiva.it\/catalogo\/schede_tecniche\/summer27_fijiocsnm18_tec.pdf\" target=\"_blank\" rel=\"noopener\">Scarica Scheda Tecnica<\/a><\/button><button class=\"richiediInfo\"><a href=\"mailto:bemiva@bemiva.it\" target=\"_blank\" rel=\"noopener\">Richiedi Informazioni<\/a><\/button><\/p>\n","protected":false},"featured_media":7477,"comment_status":"closed","ping_status":"closed","template":"","meta":[],"product_brand":[],"product_cat":[463],"product_tag":[468],"class_list":{"0":"post-7604","1":"product","2":"type-product","3":"status-publish","4":"has-post-thumbnail","6":"product_cat-summer-27","7":"product_tag-summer27","8":"pa_certificazioni-ocs-blended","9":"pa_composizione-cotone","10":"pa_composizione-nylon","11":"pa_finezza-31","12":"pa_finezza-112","13":"pa_stagione-summer-27","14":"pa_titolo-nm-18-2","15":"pa_titolo-range-15-25","17":"first","18":"instock","19":"product-type-simple"},"_links":{"self":[{"href":"https:\/\/bemiva.it\/collections\/wp-json\/wp\/v2\/product\/7604","targetHints":{"allow":["GET"]}}],"collection":[{"href":"https:\/\/bemiva.it\/collections\/wp-json\/wp\/v2\/product"}],"about":[{"href":"https:\/\/bemiva.it\/collections\/wp-json\/wp\/v2\/types\/product"}],"replies":[{"embeddable":true,"href":"https:\/\/bemiva.it\/collections\/wp-json\/wp\/v2\/comments?post=7604"}],"wp:featuredmedia":[{"embeddable":true,"href":"https:\/\/bemiva.it\/collections\/wp-json\/wp\/v2\/media\/7477"}],"wp:attachment":[{"href":"https:\/\/bemiva.it\/collections\/wp-json\/wp\/v2\/media?parent=7604"}],"wp:term":[{"taxonomy":"product_brand","embeddable":true,"href":"https:\/\/bemiva.it\/collections\/wp-json\/wp\/v2\/product_brand?post=7604"},{"taxonomy":"product_cat","embeddable":true,"href":"https:\/\/bemiva.it\/collections\/wp-json\/wp\/v2\/product_cat?post=7604"},{"taxonomy":"product_tag","embeddable":true,"href":"https:\/\/bemiva.it\/collections\/wp-json\/wp\/v2\/product_tag?post=7604"}],"curies":[{"name":"wp","href":"https:\/\/api.w.org\/{rel}","templated":true}]}}