{"id":6275,"date":"2025-07-17T12:29:19","date_gmt":"2025-07-17T10:29:19","guid":{"rendered":"https:\/\/bemiva.it\/collections\/?post_type=product&#038;p=6275"},"modified":"2025-07-17T12:29:20","modified_gmt":"2025-07-17T10:29:20","slug":"yukon","status":"publish","type":"product","link":"https:\/\/bemiva.it\/collections\/prodotto\/yukon\/","title":{"rendered":"Yukon"},"content":{"rendered":"<p>65% Lana Merino Extrafine RWS 18% Baby Kid Mohair RMS 17% Nylon &#8220;Comfort&#8221;<\/p>\n","protected":false},"excerpt":{"rendered":"<div class=\"textDescription\">BENESSERE DEGLI ANIMALI &#8211; SOSTENIBILITA&#8217; ETICA E SOCIALE &#8211; TRACCIABILITA&#8217; DEL PRODOTTO &#8211; FIBRE ANIMALI DA ALLEVAMENTI ETICI. YUKON \u00e8 un filato colorato, soffice e leggero come una piuma di volatile esotico. Realizzato in pregiatissimi mohair e lana merino, \u00e8 reso originale e artistico da una coloritura che varia da colori pi\u00f9 classici e tono su tono, ad altri pi\u00f9 in contrasto. Perfetto per realizzare capi leggeri, fashion ma sofisticati, ideale la finezza 3.<\/div>\n<p><button class=\"downloadInfo downloadInfo-cartellaColore\"><a href=\"https:\/\/www.bemiva.it\/catalogo\/cartelle_colore\/winter27_yukonnm34_cc.pdf\" target=\"_blank\" rel=\"noopener\">Scarica Cartella Colori<\/a><\/button><button class=\"downloadInfo downloadInfo-schedaTecnica\"><a href=\"https:\/\/www.bemiva.it\/catalogo\/schede_tecniche\/winter27_yukonnm34_tec.pdf\" target=\"_blank\" rel=\"noopener\">Scarica Scheda Tecnica<\/a><\/button><button class=\"richiediInfo\"><a href=\"mailto:bemiva@bemiva.it\" target=\"_blank\" rel=\"noopener\">Richiedi Informazioni<\/a><\/button><\/p>\n","protected":false},"featured_media":6525,"comment_status":"closed","ping_status":"closed","template":"","meta":[],"product_brand":[],"product_cat":[446],"product_tag":[],"class_list":{"0":"post-6275","1":"product","2":"type-product","3":"status-publish","4":"has-post-thumbnail","6":"product_cat-winter-26-27","7":"pa_certificazioni-rms","8":"pa_certificazioni-rws","9":"pa_composizione-lana","10":"pa_composizione-mohair","11":"pa_composizione-nylon","12":"pa_finezza-39","13":"pa_stagione-winter-26-27","14":"pa_titolo-nm-34-2","15":"pa_titolo-range-100","17":"first","18":"instock","19":"shipping-taxable","20":"product-type-simple"},"_links":{"self":[{"href":"https:\/\/bemiva.it\/collections\/wp-json\/wp\/v2\/product\/6275","targetHints":{"allow":["GET"]}}],"collection":[{"href":"https:\/\/bemiva.it\/collections\/wp-json\/wp\/v2\/product"}],"about":[{"href":"https:\/\/bemiva.it\/collections\/wp-json\/wp\/v2\/types\/product"}],"replies":[{"embeddable":true,"href":"https:\/\/bemiva.it\/collections\/wp-json\/wp\/v2\/comments?post=6275"}],"wp:featuredmedia":[{"embeddable":true,"href":"https:\/\/bemiva.it\/collections\/wp-json\/wp\/v2\/media\/6525"}],"wp:attachment":[{"href":"https:\/\/bemiva.it\/collections\/wp-json\/wp\/v2\/media?parent=6275"}],"wp:term":[{"taxonomy":"product_brand","embeddable":true,"href":"https:\/\/bemiva.it\/collections\/wp-json\/wp\/v2\/product_brand?post=6275"},{"taxonomy":"product_cat","embeddable":true,"href":"https:\/\/bemiva.it\/collections\/wp-json\/wp\/v2\/product_cat?post=6275"},{"taxonomy":"product_tag","embeddable":true,"href":"https:\/\/bemiva.it\/collections\/wp-json\/wp\/v2\/product_tag?post=6275"}],"curies":[{"name":"wp","href":"https:\/\/api.w.org\/{rel}","templated":true}]}}