{"id":6259,"date":"2025-07-17T17:30:04","date_gmt":"2025-07-17T15:30:04","guid":{"rendered":"https:\/\/bemiva.it\/collections\/?post_type=product&#038;p=6259"},"modified":"2025-09-30T13:53:46","modified_gmt":"2025-09-30T11:53:46","slug":"fune-melange-raf-2","status":"publish","type":"product","link":"https:\/\/bemiva.it\/collections\/prodotto\/fune-melange-raf-2\/","title":{"rendered":"Fune Melange raf"},"content":{"rendered":"<p>Pura Lana Merino Extrafine RWS<\/p>\n","protected":false},"excerpt":{"rendered":"<div class=\"textDescription\">&#8220;Un intreccio di fili, leggero e rotondo in pura lana merino per una maglia dal gusto del \u201cfatta a mano\u201d dove l\u2019artigianalit\u00e0 viene scolpita ed esaltata con giochi di punti operati e aperti. CROCHET dalla mano pi\u00f9 sostenuta e dal gusto artigianale e sportivo e il FUNE in pregiata lana extrafine pi\u00f9 morbida e dolce, perfetto per finezza 3 nel titolo 1,3 e per finezze 5 e 7 nel titolo 4, per punti perfetti e scolpiti.&#8221;<\/div>\n<p><button class=\"downloadInfo downloadInfo-cartellaColore\"><a href=\"https:\/\/www.bemiva.it\/catalogo\/cartelle_colore\/winter27_funemelangenm4_cc.pdf\" target=\"_blank\" rel=\"noopener\">Scarica Cartella Colori<\/a><\/button><button class=\"downloadInfo downloadInfo-schedaTecnica\"><a href=\"https:\/\/www.bemiva.it\/catalogo\/schede_tecniche\/winter27_funemelangenm4_tec.pdf\" target=\"_blank\" rel=\"noopener\">Scarica Scheda Tecnica<\/a><\/button><button class=\"richiediInfo\"><a href=\"mailto:bemiva@bemiva.it\" target=\"_blank\" rel=\"noopener\">Richiedi Informazioni<\/a><\/button><\/p>\n","protected":false},"featured_media":6677,"comment_status":"closed","ping_status":"closed","template":"","meta":[],"product_brand":[],"product_cat":[446],"product_tag":[],"class_list":{"0":"post-6259","1":"product","2":"type-product","3":"status-publish","4":"has-post-thumbnail","6":"product_cat-winter-26-27","7":"pa_certificazioni-rws","8":"pa_composizione-lana","9":"pa_finezza-101","10":"pa_stagione-winter-26-27","11":"pa_titolo-nm-4","12":"pa_titolo-range-4-10","14":"first","15":"instock","16":"shipping-taxable","17":"product-type-simple"},"_links":{"self":[{"href":"https:\/\/bemiva.it\/collections\/wp-json\/wp\/v2\/product\/6259","targetHints":{"allow":["GET"]}}],"collection":[{"href":"https:\/\/bemiva.it\/collections\/wp-json\/wp\/v2\/product"}],"about":[{"href":"https:\/\/bemiva.it\/collections\/wp-json\/wp\/v2\/types\/product"}],"replies":[{"embeddable":true,"href":"https:\/\/bemiva.it\/collections\/wp-json\/wp\/v2\/comments?post=6259"}],"wp:featuredmedia":[{"embeddable":true,"href":"https:\/\/bemiva.it\/collections\/wp-json\/wp\/v2\/media\/6677"}],"wp:attachment":[{"href":"https:\/\/bemiva.it\/collections\/wp-json\/wp\/v2\/media?parent=6259"}],"wp:term":[{"taxonomy":"product_brand","embeddable":true,"href":"https:\/\/bemiva.it\/collections\/wp-json\/wp\/v2\/product_brand?post=6259"},{"taxonomy":"product_cat","embeddable":true,"href":"https:\/\/bemiva.it\/collections\/wp-json\/wp\/v2\/product_cat?post=6259"},{"taxonomy":"product_tag","embeddable":true,"href":"https:\/\/bemiva.it\/collections\/wp-json\/wp\/v2\/product_tag?post=6259"}],"curies":[{"name":"wp","href":"https:\/\/api.w.org\/{rel}","templated":true}]}}