{"id":4710,"date":"2024-07-01T12:00:28","date_gmt":"2024-07-01T10:00:28","guid":{"rendered":"https:\/\/bemiva.it\/collections\/prodotto\/oslo\/"},"modified":"2025-07-17T12:59:26","modified_gmt":"2025-07-17T10:59:26","slug":"oslo","status":"publish","type":"product","link":"https:\/\/bemiva.it\/collections\/prodotto\/oslo\/","title":{"rendered":"Oslo"},"content":{"rendered":"<p>60%Superkid Mohair ETICO 40%Lana Merino Extrafine<\/p>\n","protected":false},"excerpt":{"rendered":"<div class=\"textDescription\">BENESSERE DEGLI ANIMALI &#8211; SOSTENIBILITA&#8217; ETICA E SOCIALE &#8211; TRACCIABILITA&#8217; DEL PRODOTTO &#8211; FIBRE ANIMALI DA ALLEVAMENTI ETICI OSLO \u00e8 un filato puro naturale in pregiato mohair e lana che imita una morbidissima e leggerissima pelliccia \u201cprimitiva\u201d. Perfetto per capi spalla, pu\u00f2 essere lavorato a scarto d&#8217;ago per una maglieria pi\u00f9 tradizionale ed aspetto artigianale. La finezza ideale \u00e8 finezza 3.<\/div>\n<p><button class=\"downloadInfo downloadInfo-cartellaColore\"><a href=\"https:\/\/www.bemiva.it\/catalogo\/cartelle_colore\/winter27_oslonm15_cc.pdf\" target=\"_blank\" rel=\"noopener\">Scarica Cartella Colori<\/a><\/button><button class=\"downloadInfo downloadInfo-schedaTecnica\"><a href=\"https:\/\/www.bemiva.it\/catalogo\/schede_tecniche\/winter27_oslonm15_tec.pdf\" target=\"_blank\" rel=\"noopener\">Scarica Scheda Tecnica<\/a><\/button><button class=\"richiediInfo\"><a href=\"mailto:bemiva@bemiva.it\" target=\"_blank\" rel=\"noopener\">Richiedi Informazioni<\/a><\/button><\/p>\n","protected":false},"featured_media":6572,"comment_status":"closed","ping_status":"closed","template":"","meta":[],"product_brand":[],"product_cat":[446],"product_tag":[],"class_list":{"0":"post-4710","1":"product","2":"type-product","3":"status-publish","4":"has-post-thumbnail","6":"product_cat-winter-26-27","7":"pa_certificazioni-rms","8":"pa_certificazioni-rws","9":"pa_composizione-lana","10":"pa_composizione-mohair","11":"pa_finezza-39","12":"pa_stagione-winter-26-27","13":"pa_titolo-nm-15-2","14":"pa_titolo-range-100","16":"first","17":"instock","18":"product-type-simple"},"_links":{"self":[{"href":"https:\/\/bemiva.it\/collections\/wp-json\/wp\/v2\/product\/4710","targetHints":{"allow":["GET"]}}],"collection":[{"href":"https:\/\/bemiva.it\/collections\/wp-json\/wp\/v2\/product"}],"about":[{"href":"https:\/\/bemiva.it\/collections\/wp-json\/wp\/v2\/types\/product"}],"replies":[{"embeddable":true,"href":"https:\/\/bemiva.it\/collections\/wp-json\/wp\/v2\/comments?post=4710"}],"wp:featuredmedia":[{"embeddable":true,"href":"https:\/\/bemiva.it\/collections\/wp-json\/wp\/v2\/media\/6572"}],"wp:attachment":[{"href":"https:\/\/bemiva.it\/collections\/wp-json\/wp\/v2\/media?parent=4710"}],"wp:term":[{"taxonomy":"product_brand","embeddable":true,"href":"https:\/\/bemiva.it\/collections\/wp-json\/wp\/v2\/product_brand?post=4710"},{"taxonomy":"product_cat","embeddable":true,"href":"https:\/\/bemiva.it\/collections\/wp-json\/wp\/v2\/product_cat?post=4710"},{"taxonomy":"product_tag","embeddable":true,"href":"https:\/\/bemiva.it\/collections\/wp-json\/wp\/v2\/product_tag?post=4710"}],"curies":[{"name":"wp","href":"https:\/\/api.w.org\/{rel}","templated":true}]}}