{"id":4701,"date":"2024-07-01T12:00:28","date_gmt":"2024-07-01T10:00:28","guid":{"rendered":"https:\/\/bemiva.it\/collections\/prodotto\/elegance-top\/"},"modified":"2025-07-16T14:23:19","modified_gmt":"2025-07-16T12:23:19","slug":"elegance-top","status":"publish","type":"product","link":"https:\/\/bemiva.it\/collections\/prodotto\/elegance-top\/","title":{"rendered":"Elegance Top"},"content":{"rendered":"<p>56%Lana Merino Extrafine RWS 44%Seta Rigenerata<\/p>\n","protected":false},"excerpt":{"rendered":"<div class=\"textDescription\">Elegance si avvale di una tecnologia speciale che rende i filati elasticizzati, seppur utilizzando materiali esclusivamente naturali. Questo ci permette di mescolare fibre nobili come lana e seta, per generare questo filato comfort, adatto sia per la mid-season che per la stagione prettamente invernale. La seta rende i capi leggerissimi e luminosi ed \u00e8 oltretutto ecologica perch\u00e9 completamente riciclata. La finezza ideale \u00e8 la 18.<\/div>\n<p><button class=\"downloadInfo downloadInfo-cartellaColore\"><a href=\"https:\/\/www.bemiva.it\/catalogo\/cartelle_colore\/winter27_elegancetopnm25_cc.pdf\" target=\"_blank\" rel=\"noopener\">Scarica Cartella Colori<\/a><\/button><button class=\"downloadInfo downloadInfo-schedaTecnica\"><a href=\"https:\/\/www.bemiva.it\/catalogo\/schede_tecniche\/winter27_elegancetopnm25_tec.pdf\" target=\"_blank\" rel=\"noopener\">Scarica Scheda Tecnica<\/a><\/button><button class=\"richiediInfo\"><a href=\"mailto:bemiva@bemiva.it\" target=\"_blank\" rel=\"noopener\">Richiedi Informazioni<\/a><\/button><\/p>\n","protected":false},"featured_media":6345,"comment_status":"closed","ping_status":"closed","template":"","meta":[],"product_brand":[],"product_cat":[446],"product_tag":[426],"class_list":{"0":"post-4701","1":"product","2":"type-product","3":"status-publish","4":"has-post-thumbnail","6":"product_cat-winter-26-27","7":"product_tag-top","8":"pa_certificazioni-grs","9":"pa_certificazioni-rws","10":"pa_composizione-lana","11":"pa_composizione-seta","12":"pa_finezza-108","13":"pa_stagione-winter-26-27","14":"pa_titolo-nm-25-2","15":"pa_titolo-range-106","17":"first","18":"instock","19":"product-type-simple"},"_links":{"self":[{"href":"https:\/\/bemiva.it\/collections\/wp-json\/wp\/v2\/product\/4701","targetHints":{"allow":["GET"]}}],"collection":[{"href":"https:\/\/bemiva.it\/collections\/wp-json\/wp\/v2\/product"}],"about":[{"href":"https:\/\/bemiva.it\/collections\/wp-json\/wp\/v2\/types\/product"}],"replies":[{"embeddable":true,"href":"https:\/\/bemiva.it\/collections\/wp-json\/wp\/v2\/comments?post=4701"}],"wp:featuredmedia":[{"embeddable":true,"href":"https:\/\/bemiva.it\/collections\/wp-json\/wp\/v2\/media\/6345"}],"wp:attachment":[{"href":"https:\/\/bemiva.it\/collections\/wp-json\/wp\/v2\/media?parent=4701"}],"wp:term":[{"taxonomy":"product_brand","embeddable":true,"href":"https:\/\/bemiva.it\/collections\/wp-json\/wp\/v2\/product_brand?post=4701"},{"taxonomy":"product_cat","embeddable":true,"href":"https:\/\/bemiva.it\/collections\/wp-json\/wp\/v2\/product_cat?post=4701"},{"taxonomy":"product_tag","embeddable":true,"href":"https:\/\/bemiva.it\/collections\/wp-json\/wp\/v2\/product_tag?post=4701"}],"curies":[{"name":"wp","href":"https:\/\/api.w.org\/{rel}","templated":true}]}}