{"id":3799,"date":"2024-02-02T12:13:33","date_gmt":"2024-02-02T11:13:33","guid":{"rendered":"https:\/\/bemiva.it\/collections\/prodotto\/sissi-cfsc\/"},"modified":"2026-02-05T15:52:55","modified_gmt":"2026-02-05T14:52:55","slug":"sissi-cfsc","status":"publish","type":"product","link":"https:\/\/bemiva.it\/collections\/prodotto\/sissi-cfsc\/","title":{"rendered":"Sissi cfsc"},"content":{"rendered":"<p>52% Seta 48% Viscosa Lucida<\/p>\n","protected":false},"excerpt":{"rendered":"<div class=\"textDescription\">SISSI rappresenta l&#8217;unione di due mondi, quello della nobile ed elegante seta e quello della viscosa sostenibile, originaria da fareste controllate FSC. Entrambe materie prime in bava continua, perfettamente idonee e conformi al Dna di Bemiva, da sempre specializzata nella ritorcitura e tintura di queste fibre difficoltose. Sissi si propone di unire le caratteristiche positive di seta, quali leggerezza e lucentezza uniche, e quelle della viscosa, quali sostenibilit\u00e0 e reperibilit\u00e0. La finezza ideale \u00e8 la 18.<\/div>\n<p><button class=\"downloadInfo downloadInfo-cartellaColore\"><a href=\"https:\/\/www.bemiva.it\/catalogo\/cartelle_colore\/summer26_sissinm42_cc.pdf\" target=\"_blank\" rel=\"noopener\">Scarica Cartella Colori<\/a><\/button><button class=\"downloadInfo downloadInfo-schedaTecnica\"><a href=\"https:\/\/www.bemiva.it\/catalogo\/schede_tecniche\/summer26_sissinm42_tec.pdf\" target=\"_blank\" rel=\"noopener\">Scarica Scheda Tecnica<\/a><\/button><button class=\"richiediInfo\"><a href=\"mailto:bemiva@bemiva.it\" target=\"_blank\" rel=\"noopener\">Richiedi Informazioni<\/a><\/button><\/p>\n","protected":false},"featured_media":7383,"comment_status":"closed","ping_status":"closed","template":"","meta":[],"product_brand":[],"product_cat":[463],"product_tag":[],"class_list":{"0":"post-3799","1":"product","2":"type-product","3":"status-publish","4":"has-post-thumbnail","6":"product_cat-summer-27","7":"pa_certificazioni-fsc","8":"pa_composizione-seta","9":"pa_composizione-viscosa","10":"pa_finezza-108","11":"pa_stagione-summer-27","12":"pa_titolo-nm-42-2","13":"pa_titolo-range-106","15":"first","16":"instock","17":"product-type-simple"},"_links":{"self":[{"href":"https:\/\/bemiva.it\/collections\/wp-json\/wp\/v2\/product\/3799","targetHints":{"allow":["GET"]}}],"collection":[{"href":"https:\/\/bemiva.it\/collections\/wp-json\/wp\/v2\/product"}],"about":[{"href":"https:\/\/bemiva.it\/collections\/wp-json\/wp\/v2\/types\/product"}],"replies":[{"embeddable":true,"href":"https:\/\/bemiva.it\/collections\/wp-json\/wp\/v2\/comments?post=3799"}],"wp:featuredmedia":[{"embeddable":true,"href":"https:\/\/bemiva.it\/collections\/wp-json\/wp\/v2\/media\/7383"}],"wp:attachment":[{"href":"https:\/\/bemiva.it\/collections\/wp-json\/wp\/v2\/media?parent=3799"}],"wp:term":[{"taxonomy":"product_brand","embeddable":true,"href":"https:\/\/bemiva.it\/collections\/wp-json\/wp\/v2\/product_brand?post=3799"},{"taxonomy":"product_cat","embeddable":true,"href":"https:\/\/bemiva.it\/collections\/wp-json\/wp\/v2\/product_cat?post=3799"},{"taxonomy":"product_tag","embeddable":true,"href":"https:\/\/bemiva.it\/collections\/wp-json\/wp\/v2\/product_tag?post=3799"}],"curies":[{"name":"wp","href":"https:\/\/api.w.org\/{rel}","templated":true}]}}