{"id":3798,"date":"2024-02-02T12:13:33","date_gmt":"2024-02-02T11:13:33","guid":{"rendered":"https:\/\/bemiva.it\/collections\/prodotto\/silky\/"},"modified":"2026-02-05T15:51:15","modified_gmt":"2026-02-05T14:51:15","slug":"silky","status":"publish","type":"product","link":"https:\/\/bemiva.it\/collections\/prodotto\/silky\/","title":{"rendered":"Silky"},"content":{"rendered":"<p>90% Seta 10% Poliestere (P.B.T.)<\/p>\n","protected":false},"excerpt":{"rendered":"<div class=\"textDescription\">Filato sofisticato e prezioso. La seta pi\u00f9 raffinata viene resa leggermente comfort dall\u2019elit\u00e8 che rende pi\u00f9 facile la lavorabilit\u00e0 di questo meraviglioso filato sottile e di alta qualit\u00e0. Seta fluida dalla mano inconfondibile per una maglieria femminile, trasparente e leggerissima.<\/div>\n<p><button class=\"downloadInfo downloadInfo-cartellaColore\"><a href=\"https:\/\/www.bemiva.it\/catalogo\/cartelle_colore\/summer26_silkynm45_cc.pdf\" target=\"_blank\" rel=\"noopener\">Scarica Cartella Colori<\/a><\/button><button class=\"downloadInfo downloadInfo-schedaTecnica\"><a href=\"https:\/\/www.bemiva.it\/catalogo\/schede_tecniche\/summer26_silkynm45_tec.pdf\" target=\"_blank\" rel=\"noopener\">Scarica Scheda Tecnica<\/a><\/button><button class=\"richiediInfo\"><a href=\"mailto:bemiva@bemiva.it\" target=\"_blank\" rel=\"noopener\">Richiedi Informazioni<\/a><\/button><\/p>\n","protected":false},"featured_media":7375,"comment_status":"closed","ping_status":"closed","template":"","meta":[],"product_brand":[],"product_cat":[463],"product_tag":[],"class_list":{"0":"post-3798","1":"product","2":"type-product","3":"status-publish","4":"has-post-thumbnail","6":"product_cat-summer-27","7":"pa_composizione-poliestere","8":"pa_composizione-seta","9":"pa_finezza-112","10":"pa_finezza-107","11":"pa_stagione-summer-27","12":"pa_titolo-nm-45","13":"pa_titolo-range-106","15":"first","16":"instock","17":"product-type-simple"},"_links":{"self":[{"href":"https:\/\/bemiva.it\/collections\/wp-json\/wp\/v2\/product\/3798","targetHints":{"allow":["GET"]}}],"collection":[{"href":"https:\/\/bemiva.it\/collections\/wp-json\/wp\/v2\/product"}],"about":[{"href":"https:\/\/bemiva.it\/collections\/wp-json\/wp\/v2\/types\/product"}],"replies":[{"embeddable":true,"href":"https:\/\/bemiva.it\/collections\/wp-json\/wp\/v2\/comments?post=3798"}],"wp:featuredmedia":[{"embeddable":true,"href":"https:\/\/bemiva.it\/collections\/wp-json\/wp\/v2\/media\/7375"}],"wp:attachment":[{"href":"https:\/\/bemiva.it\/collections\/wp-json\/wp\/v2\/media?parent=3798"}],"wp:term":[{"taxonomy":"product_brand","embeddable":true,"href":"https:\/\/bemiva.it\/collections\/wp-json\/wp\/v2\/product_brand?post=3798"},{"taxonomy":"product_cat","embeddable":true,"href":"https:\/\/bemiva.it\/collections\/wp-json\/wp\/v2\/product_cat?post=3798"},{"taxonomy":"product_tag","embeddable":true,"href":"https:\/\/bemiva.it\/collections\/wp-json\/wp\/v2\/product_tag?post=3798"}],"curies":[{"name":"wp","href":"https:\/\/api.w.org\/{rel}","templated":true}]}}