{"id":3783,"date":"2024-02-02T12:13:10","date_gmt":"2024-02-02T11:13:10","guid":{"rendered":"https:\/\/bemiva.it\/collections\/prodotto\/peekaboo\/"},"modified":"2026-02-06T14:26:36","modified_gmt":"2026-02-06T13:26:36","slug":"peekaboo","status":"publish","type":"product","link":"https:\/\/bemiva.it\/collections\/prodotto\/peekaboo\/","title":{"rendered":"Peekaboo"},"content":{"rendered":"<p>100% Nylon Rigenerato<\/p>\n","protected":false},"excerpt":{"rendered":"<div class=\"textDescription\">\u2022 RIGENERAZIONE MECCANICA  \u2022 RECUPERO POST-CONSUMO DA BOTTIGLIE PET  \u2022 FILIERA ITALIANA TRACCIABILE GHOST \u00e8 un filato finissimo, il pi\u00f9 fine realizzabile con la nostra base di nylon rigenerato al 100%. Perfetto per capi interi o per creare effetti di sofisticata trasparenza. Questa opportunit\u00e0 di intarsi o effetti jacquard di trasparenza a tratti, \u00e8 agevolata dalla possibilit\u00e0 di realizzare colori a campione, a seconda delle esigenze del cliente. Adatto per finezza 18.<\/div>\n<p><button class=\"downloadInfo downloadInfo-cartellaColore\"><a href=\"https:\/\/www.bemiva.it\/catalogo\/cartelle_colore\/ss26_peekaboonm100_cc.pdf\" target=\"_blank\" rel=\"noopener\">Scarica Cartella Colori<\/a><\/button><button class=\"downloadInfo downloadInfo-schedaTecnica\"><a href=\"https:\/\/www.bemiva.it\/catalogo\/schede_tecniche\/ss25_peekaboonm100_tec.pdf\" target=\"_blank\" rel=\"noopener\">Scarica Scheda Tecnica<\/a><\/button><button class=\"richiediInfo\"><a href=\"mailto:bemiva@bemiva.it\" target=\"_blank\" rel=\"noopener\">Richiedi Informazioni<\/a><\/button><\/p>\n","protected":false},"featured_media":5816,"comment_status":"closed","ping_status":"closed","template":"","meta":[],"product_brand":[],"product_cat":[463],"product_tag":[],"class_list":{"0":"post-3783","1":"product","2":"type-product","3":"status-publish","4":"has-post-thumbnail","6":"product_cat-summer-27","7":"pa_certificazioni-grs","8":"pa_composizione-nylon","9":"pa_finezza-108","10":"pa_stagione-summer-27","11":"pa_titolo-nm-100","12":"pa_titolo-range-106","14":"first","15":"instock","16":"product-type-simple"},"_links":{"self":[{"href":"https:\/\/bemiva.it\/collections\/wp-json\/wp\/v2\/product\/3783","targetHints":{"allow":["GET"]}}],"collection":[{"href":"https:\/\/bemiva.it\/collections\/wp-json\/wp\/v2\/product"}],"about":[{"href":"https:\/\/bemiva.it\/collections\/wp-json\/wp\/v2\/types\/product"}],"replies":[{"embeddable":true,"href":"https:\/\/bemiva.it\/collections\/wp-json\/wp\/v2\/comments?post=3783"}],"wp:featuredmedia":[{"embeddable":true,"href":"https:\/\/bemiva.it\/collections\/wp-json\/wp\/v2\/media\/5816"}],"wp:attachment":[{"href":"https:\/\/bemiva.it\/collections\/wp-json\/wp\/v2\/media?parent=3783"}],"wp:term":[{"taxonomy":"product_brand","embeddable":true,"href":"https:\/\/bemiva.it\/collections\/wp-json\/wp\/v2\/product_brand?post=3783"},{"taxonomy":"product_cat","embeddable":true,"href":"https:\/\/bemiva.it\/collections\/wp-json\/wp\/v2\/product_cat?post=3783"},{"taxonomy":"product_tag","embeddable":true,"href":"https:\/\/bemiva.it\/collections\/wp-json\/wp\/v2\/product_tag?post=3783"}],"curies":[{"name":"wp","href":"https:\/\/api.w.org\/{rel}","templated":true}]}}