{"id":3768,"date":"2024-02-02T12:12:48","date_gmt":"2024-02-02T11:12:48","guid":{"rendered":"https:\/\/bemiva.it\/collections\/prodotto\/java\/"},"modified":"2026-02-05T15:11:56","modified_gmt":"2026-02-05T14:11:56","slug":"java","status":"publish","type":"product","link":"https:\/\/bemiva.it\/collections\/prodotto\/java\/","title":{"rendered":"Java"},"content":{"rendered":"<p>Puro Cotone Organico<\/p>\n","protected":false},"excerpt":{"rendered":"<div class=\"textDescription\">JAVA \u00e8 un filato fantasia lineare che genera una maglieria pulita, dalla mano crepe e asciutta. Pu\u00f2 essere usato insieme ad altri fili in punti operati, per donare movimento e originalit\u00e0 ai capi. Se usato da solo, da luogo a una maglieria estiva basica ma al contempo, ricercata e pura naturale. Java \u00e8 inoltre sostenibile perch\u00e8 composto da cotone biologico e progettato attenti ad un futuro smaltimento, essendo costruito da un unico componente. La finezza ideale \u00e8 5.<\/div>\n<p><button class=\"downloadInfo downloadInfo-cartellaColore\"><a href=\"https:\/\/www.bemiva.it\/catalogo\/cartelle_colore\/summer26_javanm65_cc.pdf\" target=\"_blank\" rel=\"noopener\">Scarica Cartella Colori<\/a><\/button><button class=\"downloadInfo downloadInfo-schedaTecnica\"><a href=\"https:\/\/www.bemiva.it\/catalogo\/schede_tecniche\/summer26_javanm65_tec.pdf\" target=\"_blank\" rel=\"noopener\">Scarica Scheda Tecnica<\/a><\/button><button class=\"richiediInfo\"><a href=\"mailto:bemiva@bemiva.it\" target=\"_blank\" rel=\"noopener\">Richiedi Informazioni<\/a><\/button><\/p>\n","protected":false},"featured_media":7208,"comment_status":"closed","ping_status":"closed","template":"","meta":[],"product_brand":[],"product_cat":[463],"product_tag":[],"class_list":{"0":"post-3768","1":"product","2":"type-product","3":"status-publish","4":"has-post-thumbnail","6":"product_cat-summer-27","7":"pa_certificazioni-bci","8":"pa_certificazioni-gots","9":"pa_certificazioni-ocs-100","10":"pa_composizione-cotone","11":"pa_finezza-101","12":"pa_stagione-summer-27","13":"pa_titolo-nm-65-2","14":"pa_titolo-range-4-10","16":"first","17":"instock","18":"product-type-simple"},"_links":{"self":[{"href":"https:\/\/bemiva.it\/collections\/wp-json\/wp\/v2\/product\/3768","targetHints":{"allow":["GET"]}}],"collection":[{"href":"https:\/\/bemiva.it\/collections\/wp-json\/wp\/v2\/product"}],"about":[{"href":"https:\/\/bemiva.it\/collections\/wp-json\/wp\/v2\/types\/product"}],"replies":[{"embeddable":true,"href":"https:\/\/bemiva.it\/collections\/wp-json\/wp\/v2\/comments?post=3768"}],"wp:featuredmedia":[{"embeddable":true,"href":"https:\/\/bemiva.it\/collections\/wp-json\/wp\/v2\/media\/7208"}],"wp:attachment":[{"href":"https:\/\/bemiva.it\/collections\/wp-json\/wp\/v2\/media?parent=3768"}],"wp:term":[{"taxonomy":"product_brand","embeddable":true,"href":"https:\/\/bemiva.it\/collections\/wp-json\/wp\/v2\/product_brand?post=3768"},{"taxonomy":"product_cat","embeddable":true,"href":"https:\/\/bemiva.it\/collections\/wp-json\/wp\/v2\/product_cat?post=3768"},{"taxonomy":"product_tag","embeddable":true,"href":"https:\/\/bemiva.it\/collections\/wp-json\/wp\/v2\/product_tag?post=3768"}],"curies":[{"name":"wp","href":"https:\/\/api.w.org\/{rel}","templated":true}]}}