{"id":3767,"date":"2024-02-02T12:12:48","date_gmt":"2024-02-02T11:12:48","guid":{"rendered":"https:\/\/bemiva.it\/collections\/prodotto\/jamaica\/"},"modified":"2026-02-05T15:10:39","modified_gmt":"2026-02-05T14:10:39","slug":"jamaica","status":"publish","type":"product","link":"https:\/\/bemiva.it\/collections\/prodotto\/jamaica\/","title":{"rendered":"Jamaica"},"content":{"rendered":"<p>Puro Cotone Organico Mercerizzato<\/p>\n","protected":false},"excerpt":{"rendered":"<div class=\"textDescription\">JAMAICA \u00e8 un filato fantasia estrema che si presta a innumerevoli interpretazioni. Pu\u00f2 essere usato insieme ad altri fili in punti operati, per donare movimento e originalit\u00e0 ai capi, anche eleganti, grazie all&#8217;uso di cotone mercerizzato che genera una superficie traslucida quasi serica. Se usato da solo, da luogo a una maglieria sportiva ma ugualmente sofisticata e innovativa. Jamaica \u00e8 inoltre sostenibile perch\u00e8 composto da cotone biologico e progettato attenti ad un futuro smaltimento, essendo costruito da un unico componente. La finezza ideale \u00e8 3.<\/div>\n<p><button class=\"downloadInfo downloadInfo-cartellaColore\"><a href=\"https:\/\/www.bemiva.it\/catalogo\/cartelle_colore\/summer26_jamaicanm15_cc.pdf\" target=\"_blank\" rel=\"noopener\">Scarica Cartella Colori<\/a><\/button><button class=\"downloadInfo downloadInfo-schedaTecnica\"><a href=\"https:\/\/www.bemiva.it\/catalogo\/schede_tecniche\/summer26_jamaicanm15_tec.pdf\" target=\"_blank\" rel=\"noopener\">Scarica Scheda Tecnica<\/a><\/button><button class=\"richiediInfo\"><a href=\"mailto:bemiva@bemiva.it\" target=\"_blank\" rel=\"noopener\">Richiedi Informazioni<\/a><\/button><\/p>\n","protected":false},"featured_media":7200,"comment_status":"closed","ping_status":"closed","template":"","meta":[],"product_brand":[],"product_cat":[463],"product_tag":[],"class_list":{"0":"post-3767","1":"product","2":"type-product","3":"status-publish","4":"has-post-thumbnail","6":"product_cat-summer-27","7":"pa_certificazioni-gots","8":"pa_certificazioni-ocs-100","9":"pa_composizione-cotone","10":"pa_finezza-39","11":"pa_stagione-summer-27","12":"pa_titolo-nm-15-2","13":"pa_titolo-range-100","15":"first","16":"instock","17":"product-type-simple"},"_links":{"self":[{"href":"https:\/\/bemiva.it\/collections\/wp-json\/wp\/v2\/product\/3767","targetHints":{"allow":["GET"]}}],"collection":[{"href":"https:\/\/bemiva.it\/collections\/wp-json\/wp\/v2\/product"}],"about":[{"href":"https:\/\/bemiva.it\/collections\/wp-json\/wp\/v2\/types\/product"}],"replies":[{"embeddable":true,"href":"https:\/\/bemiva.it\/collections\/wp-json\/wp\/v2\/comments?post=3767"}],"wp:featuredmedia":[{"embeddable":true,"href":"https:\/\/bemiva.it\/collections\/wp-json\/wp\/v2\/media\/7200"}],"wp:attachment":[{"href":"https:\/\/bemiva.it\/collections\/wp-json\/wp\/v2\/media?parent=3767"}],"wp:term":[{"taxonomy":"product_brand","embeddable":true,"href":"https:\/\/bemiva.it\/collections\/wp-json\/wp\/v2\/product_brand?post=3767"},{"taxonomy":"product_cat","embeddable":true,"href":"https:\/\/bemiva.it\/collections\/wp-json\/wp\/v2\/product_cat?post=3767"},{"taxonomy":"product_tag","embeddable":true,"href":"https:\/\/bemiva.it\/collections\/wp-json\/wp\/v2\/product_tag?post=3767"}],"curies":[{"name":"wp","href":"https:\/\/api.w.org\/{rel}","templated":true}]}}