{"id":3760,"date":"2024-02-02T12:12:48","date_gmt":"2024-02-02T11:12:48","guid":{"rendered":"https:\/\/bemiva.it\/collections\/prodotto\/cocco-2\/"},"modified":"2026-02-06T14:18:56","modified_gmt":"2026-02-06T13:18:56","slug":"cocco-2","status":"publish","type":"product","link":"https:\/\/bemiva.it\/collections\/prodotto\/cocco-2\/","title":{"rendered":"Cocco"},"content":{"rendered":"<p>Puro Cotone Organico Mercerizzato<\/p>\n","protected":false},"excerpt":{"rendered":"<div class=\"textDescription\">COCCO \u00e8 una vera e propria innovazione per la famiglia degli imbottiti di BEMIVA, perch\u00e9 realizzato in 100% fibra naturale. La solita rotondit\u00e0 e leggerezza \u00e8 data non pi\u00f9 dal classico nylon microfibra ma dallo speciale processo che voluminizza le fibre di cotone organico internamente. Risulta un filato pi\u00f9 sostenibile, naturale e sofisticato per la sua lucentezza paragonabile alla seta, perfetto per finezza 3.<\/div>\n<p><button class=\"downloadInfo downloadInfo-cartellaColore\"><a href=\"https:\/\/www.bemiva.it\/catalogo\/cartelle_colore\/summer26_cocconm25_cc.pdf\" target=\"_blank\" rel=\"noopener\">Scarica Cartella Colori<\/a><\/button><button class=\"downloadInfo downloadInfo-schedaTecnica\"><a href=\"https:\/\/www.bemiva.it\/catalogo\/schede_tecniche\/summer26_cocconm25_tec.pdf\" target=\"_blank\" rel=\"noopener\">Scarica Scheda Tecnica<\/a><\/button><button class=\"richiediInfo\"><a href=\"mailto:bemiva@bemiva.it\" target=\"_blank\" rel=\"noopener\">Richiedi Informazioni<\/a><\/button><\/p>\n","protected":false},"featured_media":7144,"comment_status":"closed","ping_status":"closed","template":"","meta":[],"product_brand":[],"product_cat":[463],"product_tag":[],"class_list":{"0":"post-3760","1":"product","2":"type-product","3":"status-publish","4":"has-post-thumbnail","6":"product_cat-summer-27","7":"pa_certificazioni-gots","8":"pa_certificazioni-ocs-100","9":"pa_composizione-cotone","10":"pa_finezza-101","11":"pa_stagione-summer-27","12":"pa_titolo-nm-25","13":"pa_titolo-range-100","15":"first","16":"instock","17":"product-type-simple"},"_links":{"self":[{"href":"https:\/\/bemiva.it\/collections\/wp-json\/wp\/v2\/product\/3760","targetHints":{"allow":["GET"]}}],"collection":[{"href":"https:\/\/bemiva.it\/collections\/wp-json\/wp\/v2\/product"}],"about":[{"href":"https:\/\/bemiva.it\/collections\/wp-json\/wp\/v2\/types\/product"}],"replies":[{"embeddable":true,"href":"https:\/\/bemiva.it\/collections\/wp-json\/wp\/v2\/comments?post=3760"}],"wp:featuredmedia":[{"embeddable":true,"href":"https:\/\/bemiva.it\/collections\/wp-json\/wp\/v2\/media\/7144"}],"wp:attachment":[{"href":"https:\/\/bemiva.it\/collections\/wp-json\/wp\/v2\/media?parent=3760"}],"wp:term":[{"taxonomy":"product_brand","embeddable":true,"href":"https:\/\/bemiva.it\/collections\/wp-json\/wp\/v2\/product_brand?post=3760"},{"taxonomy":"product_cat","embeddable":true,"href":"https:\/\/bemiva.it\/collections\/wp-json\/wp\/v2\/product_cat?post=3760"},{"taxonomy":"product_tag","embeddable":true,"href":"https:\/\/bemiva.it\/collections\/wp-json\/wp\/v2\/product_tag?post=3760"}],"curies":[{"name":"wp","href":"https:\/\/api.w.org\/{rel}","templated":true}]}}