{"id":3082,"date":"2024-01-12T16:42:39","date_gmt":"2024-01-12T15:42:39","guid":{"rendered":"https:\/\/bemiva.it\/collections\/prodotto\/prisma-2\/"},"modified":"2026-01-23T15:15:28","modified_gmt":"2026-01-23T14:15:28","slug":"prisma-2","status":"publish","type":"product","link":"https:\/\/bemiva.it\/collections\/prodotto\/prisma-2\/","title":{"rendered":"Prisma"},"content":{"rendered":"<p>82% Viscosa 18% Metallizzata<\/p>\n","protected":false},"excerpt":{"rendered":"<div class=\"textDescription\">Novit\u00e0 assoluta di Lam\u00e8 a 2 colori speculari con coloritura tutta a stock service.<br \/>\nFilato metallizzato morbido e leggerissimo con giochi di colore sorprendenti e unici. La viscosa lucida abbinata a pi\u00f9 colori di lam\u00e8 creano un nuova modalit\u00e0 di interpretare i colori metallici e una possibilit\u00e0 di toni sorprendenti. Morbidissimo e duttile grazie alla viscosa bava continua, viene presentato con coloritura determinata ma sono possibili colori su richiesta clienti, previa informare l\u2019ufficio commerciale.<br \/>\nFilato impiegato da solo su finezze 14 &#8211; 16 per capi luminosi ed elegantissimi oppure abbinato ad altri fili per intervento.<\/div>\n<p><button class=\"downloadInfo downloadInfo-cartellaColore\"><a href=\"https:\/\/www.bemiva.it\/catalogo\/cartelle_colore\/stock26_prismanm48_cc.pdf\" target=\"_blank\" rel=\"noopener\">Scarica Cartella Colori<\/a><\/button><button class=\"downloadInfo downloadInfo-schedaTecnica\"><a href=\"https:\/\/www.bemiva.it\/catalogo\/schede_tecniche\/stock26_prismanm48_tec.pdf\" target=\"_blank\" rel=\"noopener\">Scarica Scheda Tecnica<\/a><\/button><button class=\"richiediInfo\"><a href=\"mailto:bemiva@bemiva.it\" target=\"_blank\" rel=\"noopener\">Richiedi Informazioni<\/a><\/button><\/p>\n","protected":false},"featured_media":7022,"comment_status":"closed","ping_status":"closed","template":"","meta":[],"product_brand":[],"product_cat":[37],"product_tag":[],"class_list":{"0":"post-3082","1":"product","2":"type-product","3":"status-publish","4":"has-post-thumbnail","6":"product_cat-stock-service","7":"pa_composizione-metallizzata","8":"pa_composizione-viscosa","9":"pa_finezza-31","10":"pa_finezza-112","11":"pa_finezza-107","12":"pa_stagione-stock-service","13":"pa_titolo-nm-48","14":"pa_titolo-range-106","16":"first","17":"instock","18":"product-type-simple"},"_links":{"self":[{"href":"https:\/\/bemiva.it\/collections\/wp-json\/wp\/v2\/product\/3082","targetHints":{"allow":["GET"]}}],"collection":[{"href":"https:\/\/bemiva.it\/collections\/wp-json\/wp\/v2\/product"}],"about":[{"href":"https:\/\/bemiva.it\/collections\/wp-json\/wp\/v2\/types\/product"}],"replies":[{"embeddable":true,"href":"https:\/\/bemiva.it\/collections\/wp-json\/wp\/v2\/comments?post=3082"}],"wp:featuredmedia":[{"embeddable":true,"href":"https:\/\/bemiva.it\/collections\/wp-json\/wp\/v2\/media\/7022"}],"wp:attachment":[{"href":"https:\/\/bemiva.it\/collections\/wp-json\/wp\/v2\/media?parent=3082"}],"wp:term":[{"taxonomy":"product_brand","embeddable":true,"href":"https:\/\/bemiva.it\/collections\/wp-json\/wp\/v2\/product_brand?post=3082"},{"taxonomy":"product_cat","embeddable":true,"href":"https:\/\/bemiva.it\/collections\/wp-json\/wp\/v2\/product_cat?post=3082"},{"taxonomy":"product_tag","embeddable":true,"href":"https:\/\/bemiva.it\/collections\/wp-json\/wp\/v2\/product_tag?post=3082"}],"curies":[{"name":"wp","href":"https:\/\/api.w.org\/{rel}","templated":true}]}}