{"id":3018,"date":"2024-01-12T16:42:15","date_gmt":"2024-01-12T15:42:15","guid":{"rendered":"https:\/\/bemiva.it\/collections\/prodotto\/cellophane-2\/"},"modified":"2025-01-31T14:28:15","modified_gmt":"2025-01-31T13:28:15","slug":"cellophane-2","status":"publish","type":"product","link":"https:\/\/bemiva.it\/collections\/prodotto\/cellophane-2\/","title":{"rendered":"Cellophane"},"content":{"rendered":"<p>100% Nylon<\/p>\n","protected":false},"excerpt":{"rendered":"<div class=\"textDescription\">Prodotti indispensabili a Stock Service in puro nylon sottilissimo dalla mano sostenuta. Utilizzati prevalentemente abbinati nella maglia per effetti trasparenti e devor\u00e8 grazie alla loro struttura rigida a rete. Impiegati in svariati modi in tutte le collezioni, anche a pi\u00f9 capi. Il tipo CELLOPHANE (solo bianco e fum\u00e8) ha una retrazione maggiore rispetto al CELLULOIDE ( colorato ).<br \/>\nNella variante CELLULOIDE , sono possibili colori su richiesta cliente previa informazione all\u2019ufficio commerciale.<\/div>\n<p><button class=\"downloadInfo downloadInfo-cartellaColore\"><a href=\"https:\/\/www.bemiva.it\/catalogo\/cartelle_colore\/stock26_cellophanenm1150_cc.pdf\" target=\"_blank\" rel=\"noopener\">Scarica Cartella Colori<\/a><\/button><button class=\"downloadInfo downloadInfo-schedaTecnica\"><a href=\"https:\/\/www.bemiva.it\/catalogo\/schede_tecniche\/stock26_cellophanenm1150_tec.pdf\" target=\"_blank\" rel=\"noopener\">Scarica Scheda Tecnica<\/a><\/button><button class=\"richiediInfo\"><a href=\"mailto:bemiva@bemiva.it\" target=\"_blank\" rel=\"noopener\">Richiedi Informazioni<\/a><\/button><\/p>\n","protected":false},"featured_media":5154,"comment_status":"closed","ping_status":"closed","template":"","meta":[],"product_brand":[],"product_cat":[37],"product_tag":[],"class_list":{"0":"post-3018","1":"product","2":"type-product","3":"status-publish","4":"has-post-thumbnail","6":"product_cat-stock-service","7":"pa_composizione-nylon","8":"pa_finezza-31","9":"pa_finezza-112","10":"pa_finezza-107","11":"pa_finezza-108","12":"pa_stagione-stock-service","13":"pa_titolo-nm-1-150","14":"pa_titolo-range-106","16":"first","17":"instock","18":"product-type-simple"},"_links":{"self":[{"href":"https:\/\/bemiva.it\/collections\/wp-json\/wp\/v2\/product\/3018","targetHints":{"allow":["GET"]}}],"collection":[{"href":"https:\/\/bemiva.it\/collections\/wp-json\/wp\/v2\/product"}],"about":[{"href":"https:\/\/bemiva.it\/collections\/wp-json\/wp\/v2\/types\/product"}],"replies":[{"embeddable":true,"href":"https:\/\/bemiva.it\/collections\/wp-json\/wp\/v2\/comments?post=3018"}],"wp:featuredmedia":[{"embeddable":true,"href":"https:\/\/bemiva.it\/collections\/wp-json\/wp\/v2\/media\/5154"}],"wp:attachment":[{"href":"https:\/\/bemiva.it\/collections\/wp-json\/wp\/v2\/media?parent=3018"}],"wp:term":[{"taxonomy":"product_brand","embeddable":true,"href":"https:\/\/bemiva.it\/collections\/wp-json\/wp\/v2\/product_brand?post=3018"},{"taxonomy":"product_cat","embeddable":true,"href":"https:\/\/bemiva.it\/collections\/wp-json\/wp\/v2\/product_cat?post=3018"},{"taxonomy":"product_tag","embeddable":true,"href":"https:\/\/bemiva.it\/collections\/wp-json\/wp\/v2\/product_tag?post=3018"}],"curies":[{"name":"wp","href":"https:\/\/api.w.org\/{rel}","templated":true}]}}